{"id":71,"date":"2021-09-07T05:47:11","date_gmt":"2021-09-07T05:47:11","guid":{"rendered":"https:\/\/srebrnegrono.pl\/landingpage\/?page_id=71"},"modified":"2021-09-07T06:02:45","modified_gmt":"2021-09-07T06:02:45","slug":"produkty-2","status":"publish","type":"page","link":"https:\/\/czystesrebro.srebrnegrono.pl\/index.php\/produkty-2\/","title":{"rendered":"Produkty"},"content":{"rendered":"\n<p><\/p>\n\n\n\n<p>Wszystkie produkty Holland Hallmark s\u0105 delikatnymi \u015brodkami czyszcz\u0105cymi przeznaczonymi do odnawiania przedmiot\u00f3w przez dodanie czystego srebra, zabezpieczaj\u0105cego ich pi\u0119kny wygl\u0105d. Zwyk\u0142e \u015brodki czyszcz\u0105ce\u00a0 usuwaj\u0105 srebro, zw\u0142aszcza podczas czyszczenia. Produkty Holland Hallmark s\u0105 bezpieczne i korzystnie wp\u0142ywaj\u0105 na wygl\u0105d przedmiot\u00f3w.<\/p>\n\n\n\n<p><\/p>\n\n\n\n<div class=\"wp-block-image\"><figure class=\"aligncenter size-large is-resized\"><img loading=\"lazy\" decoding=\"async\" src=\"https:\/\/srebrnegrono.pl\/landingpage\/wp-content\/uploads\/2021\/09\/3_preparaty_razem-1-1024x878.jpg\" alt=\"\" class=\"wp-image-95\" width=\"590\" height=\"506\" srcset=\"https:\/\/czystesrebro.srebrnegrono.pl\/wp-content\/uploads\/2021\/09\/3_preparaty_razem-1-1024x878.jpg 1024w, https:\/\/czystesrebro.srebrnegrono.pl\/wp-content\/uploads\/2021\/09\/3_preparaty_razem-1-300x257.jpg 300w, https:\/\/czystesrebro.srebrnegrono.pl\/wp-content\/uploads\/2021\/09\/3_preparaty_razem-1-768x658.jpg 768w, https:\/\/czystesrebro.srebrnegrono.pl\/wp-content\/uploads\/2021\/09\/3_preparaty_razem-1-1536x1317.jpg 1536w, https:\/\/czystesrebro.srebrnegrono.pl\/wp-content\/uploads\/2021\/09\/3_preparaty_razem-1-2048x1755.jpg 2048w, https:\/\/czystesrebro.srebrnegrono.pl\/wp-content\/uploads\/2021\/09\/3_preparaty_razem-1-920x789.jpg 920w, https:\/\/czystesrebro.srebrnegrono.pl\/wp-content\/uploads\/2021\/09\/3_preparaty_razem-1-380x326.jpg 380w\" sizes=\"auto, (max-width: 590px) 100vw, 590px\" \/><\/figure><\/div>\n","protected":false},"excerpt":{"rendered":"<p>Wszystkie produkty Holland Hallmark s\u0105 delikatnymi \u015brodkami czyszcz\u0105cymi przeznaczonymi do odnawiania przedmiot\u00f3w [&hellip;]<\/p>\n","protected":false},"author":1,"featured_media":0,"parent":0,"menu_order":0,"comment_status":"closed","ping_status":"closed","template":"","meta":{"footnotes":""},"class_list":["post-71","page","type-page","status-publish","hentry"],"_links":{"self":[{"href":"https:\/\/czystesrebro.srebrnegrono.pl\/index.php\/wp-json\/wp\/v2\/pages\/71","targetHints":{"allow":["GET"]}}],"collection":[{"href":"https:\/\/czystesrebro.srebrnegrono.pl\/index.php\/wp-json\/wp\/v2\/pages"}],"about":[{"href":"https:\/\/czystesrebro.srebrnegrono.pl\/index.php\/wp-json\/wp\/v2\/types\/page"}],"author":[{"embeddable":true,"href":"https:\/\/czystesrebro.srebrnegrono.pl\/index.php\/wp-json\/wp\/v2\/users\/1"}],"replies":[{"embeddable":true,"href":"https:\/\/czystesrebro.srebrnegrono.pl\/index.php\/wp-json\/wp\/v2\/comments?post=71"}],"version-history":[{"count":3,"href":"https:\/\/czystesrebro.srebrnegrono.pl\/index.php\/wp-json\/wp\/v2\/pages\/71\/revisions"}],"predecessor-version":[{"id":96,"href":"https:\/\/czystesrebro.srebrnegrono.pl\/index.php\/wp-json\/wp\/v2\/pages\/71\/revisions\/96"}],"wp:attachment":[{"href":"https:\/\/czystesrebro.srebrnegrono.pl\/index.php\/wp-json\/wp\/v2\/media?parent=71"}],"curies":[{"name":"wp","href":"https:\/\/api.w.org\/{rel}","templated":true}]}}