{"id":10,"date":"2021-09-06T13:26:48","date_gmt":"2021-09-06T13:26:48","guid":{"rendered":"https:\/\/srebrnegrono.pl\/landingpage\/?page_id=10"},"modified":"2021-09-07T06:01:00","modified_gmt":"2021-09-07T06:01:00","slug":"produkty","status":"publish","type":"page","link":"https:\/\/czystesrebro.srebrnegrono.pl\/index.php\/produkty\/","title":{"rendered":"Silver Maintenance Solution"},"content":{"rendered":"\n<p><strong>SILVER MAINTENANCE SOLUTION \u2013 opis produktu<\/strong><\/p>\n\n\n\n<p>\u015arodek do konserwacji przedmiot\u00f3w, kt\u00f3ry dodaje srebro podczas ich czyszczenia.<\/p>\n\n\n\n<p> <strong>Silver Maintenance Solution <\/strong>w prosty spos\u00f3b czy\u015bci i konserwuje srebrne i posrebrzane przedmioty, zar\u00f3wno nowe jak i antyczne, oraz nadaje im blask za pomoc\u0105 srebra.<br><br><strong>Silver Maintenance Solution <\/strong>jest odpowiednim \u015brodkiem do czyszczenia i konserwacji r\u00f3\u017cnych przedmiot\u00f3w. Za pomoc\u0105 czystego srebra uzyskamy pi\u0119kny po\u0142ysk oraz zabezpieczymy nasze skarby przed matowieniem. \u00a0<br>Niestety tradycyjne \u015brodki cz\u0119sto zawieraj\u0105 cz\u0105stki \u015bcierne, kt\u00f3re podczas czyszczenia usuwaj\u0105 srebro.<br><br>Natomiast <strong>Silver Maintenance Solution <\/strong>\u00a0zawiera czyste srebro w postaci p\u0142ynnej. Dzi\u0119ki temu, podczas ka\u017cdego czyszczenia, jego ma\u0142e drobinki osadzaj\u0105 si\u0119 na czyszczonym przedmiocie.\u00a0\u00a0\u00a0\u00a0\u00a0 W ten spos\u00f3b srebrna powierzchnia ulega regeneracji.<br><br><strong>Silver Maintenance Solution<\/strong> z \u0142atwo\u015bci\u0105 czy\u015bci i poleruje drogocenne powierzchnie, gdy inne \u015brodki czyszcz\u0105ce usuwaj\u0105 srebro zamiast je chroni\u0107.<br>Po co ryzykowa\u0107, kiedy mo\u017cna by\u0107 pewnym u\u017cywaj\u0105c <strong>Silver Maintenance Solution<\/strong>. <strong>Silver Maintenance Solution <\/strong>mo\u017ce by\u0107 u\u017cywany do wszystkich rodzaj\u00f3w przedmiot\u00f3w, takich jak: sztu\u0107ce, przedmioty ozdobne, naczynia kuchenne, zegary, trofea, bi\u017cuteria, itd. <strong>Silver Maintenance Solution <\/strong>\u00a0zosta\u0142 stworzony do szybkiego i \u0142atwego u\u017cycia w domu. Tak jak Silver Solution, jest wodnym roztworem srebra, niepalnym i nietoksycznym.\u00a0 Przed jego u\u017cyciem zalecane jest przeczytane kr\u00f3tkiej instrukcji do\u0142\u0105czonej do ka\u017cdego opakowania.<br><br><em>Je\u017celi powierzchnia na przedmiocie jest czysta, radzimy, aby przede wszystkim u\u017cy\u0107 Silver Solution\u2122 do od\u015bwie\u017cenia powierzchni przedmiotu, a nast\u0119pnie u\u017cywa\u0107 Silver Maintenance Solution\u2122 do dalszej jego konserwacji.<\/em><br><br><strong>U\u017cywaj Silver Maintenance Solution a Twoje srebrne przedmioty b\u0119d\u0105 zawsze \u015bwieci\u0142y!<\/strong> <\/p>\n\n\n\n<div class=\"wp-block-image\"><figure class=\"aligncenter size-full\"><img loading=\"lazy\" decoding=\"async\" width=\"469\" height=\"621\" src=\"https:\/\/srebrnegrono.pl\/landingpage\/wp-content\/uploads\/2021\/09\/16_silver_solution_2.jpg\" alt=\"\" class=\"wp-image-91\" srcset=\"https:\/\/czystesrebro.srebrnegrono.pl\/wp-content\/uploads\/2021\/09\/16_silver_solution_2.jpg 469w, https:\/\/czystesrebro.srebrnegrono.pl\/wp-content\/uploads\/2021\/09\/16_silver_solution_2-227x300.jpg 227w, https:\/\/czystesrebro.srebrnegrono.pl\/wp-content\/uploads\/2021\/09\/16_silver_solution_2-380x503.jpg 380w\" sizes=\"auto, (max-width: 469px) 100vw, 469px\" \/><\/figure><\/div>\n\n\n\n<p class=\"has-text-align-center\"><strong>ZALECANIA<\/strong><\/p>\n\n\n\n<p><strong>Spos\u00f3b u\u017cycia<\/strong><\/p>\n\n\n\n<p>Uwagi dla uzyskania najlepszego rezultatu:<\/p>\n\n\n\n<ul class=\"wp-block-list\"><li>Je\u017celi przedmiot, kt\u00f3ry zamierzamy wyczy\u015bci\u0107 przy pomocy Silver Maintenance Solution jest bardzo brudny i zat\u0142uszczony, najpierw nale\u017cy umy\u0107 go w ciep\u0142ej wodzie z dodatkiem myd\u0142a, wyp\u0142uka\u0107 i wysuszy\u0107.<\/li><li>Nale\u017cy zabezpieczy\u0107 r\u0119ce, ubranie i miejsce pracy, itd. przed poplamieniami&nbsp;&nbsp;&nbsp;&nbsp;&nbsp;&nbsp;&nbsp;&nbsp;&nbsp;&nbsp;&nbsp;&nbsp;&nbsp;&nbsp;&nbsp;&nbsp;&nbsp;&nbsp;&nbsp;&nbsp;&nbsp;&nbsp; i zabrudzeniami przy u\u017cyciu materia\u0142\u00f3w z tworzywa sztucznego. Silver Maintenance Solution jest bezpieczny i nietoksyczny, ale mo\u017ce pozostawia\u0107 ciemne br\u0105zowe plamy. Zaleca si\u0119 u\u017cywanie r\u0119kawic i fartucha wykonanych z tworzywa sztucznego oraz przykrycie miejsca pracy. Je\u017celi na palcach zaczn\u0105 pojawia\u0107 si\u0119 ciemne plamy, nale\u017cy wyczy\u015bci\u0107 je u\u017cywaj\u0105c domowego wybielacza.<\/li><li>Je\u017celi u\u017cyli\u015bmy Silver Maintenance Solution do czyszczenia i polerowania, a na przedmiotach nadal pozosta\u0142y \u017c\u00f3\u0142te lub czerwone miejsca, zalecamy u\u017cycie Holland Hallmark Silver Solution, kt\u00f3ry odnawia uszkodzone srebrne i posrebrzane przedmioty przez utworzenie nowej warstwy srebra w uszkodzonych miejscach.<\/li><\/ul>\n\n\n\n<p>Spos\u00f3b u\u017cycia:<\/p>\n\n\n\n<ol class=\"wp-block-list\" type=\"1\"><li>Zabezpieczy\u0107 r\u0119ce, ubranie i miejsce pracy przed zabrudzeniami.<\/li><li>Przed u\u017cyciem dobrze wstrz\u0105sn\u0105\u0107 butelk\u0105.<\/li><li>Nala\u0107 niewielk\u0105 ilo\u015b\u0107 p\u0142ynu do szklanego (lub innego, ale nie wykonanego z metalu) pojemnika (miseczki). Po nalaniu substancji do naczynia nale\u017cy zamkn\u0105\u0107 butelk\u0119 w celu unikni\u0119cia rozlania jej zawarto\u015bci.<\/li><li>Obficie nak\u0142ada\u0107 p\u0142yn bawe\u0142nian\u0105 szmatk\u0105 zwini\u0119t\u0105 w kulk\u0119 lub g\u0105bk\u0105.<\/li><li>Wciera\u0107 p\u0142yn mocno przez 15 s, a\u017c przedmiot b\u0119dzie czysty. Podczas dodawania substancji nale\u017cy rozprowadza\u0107 j\u0105 r\u00f3wnomiernie.<\/li><li>Po renowacji przedmiot nale\u017cy umy\u0107 w ciep\u0142ej wodzie z dodatkiem myd\u0142a, wyp\u0142uka\u0107&nbsp;&nbsp;&nbsp;&nbsp;&nbsp;&nbsp;&nbsp;&nbsp;&nbsp;&nbsp; i wysuszy\u0107.<\/li><li>\u0141a\u0144cuszki, delikatne ornamenty mog\u0105 by\u0107 czyszczone przy u\u017cyciu mi\u0119kkiej szczotki. Je\u017celi jest taka mo\u017cliwo\u015b\u0107, to takie wyroby tak\u017ce nale\u017cy umy\u0107 w ciep\u0142ej wodzie&nbsp;&nbsp;&nbsp;&nbsp;&nbsp;&nbsp;&nbsp;&nbsp;&nbsp;&nbsp;&nbsp;&nbsp;&nbsp;&nbsp;&nbsp;&nbsp;&nbsp;&nbsp;&nbsp;&nbsp;&nbsp;&nbsp;&nbsp;&nbsp;&nbsp; z dodatkiem myd\u0142a, wyp\u0142uka\u0107 i wysuszy\u0107.<\/li><li>Powt\u00f3rzy\u0107 proces, je\u017celi zachodzi taka potrzeba.<\/li><\/ol>\n\n\n\n<p>Konserwacja:<br>Do konserwacji u\u017cywa\u0107 Silver Maintenance Solution w spos\u00f3b opisany powy\u017cej. Nigdy nie u\u017cywa\u0107 \u015brodk\u00f3w zawieraj\u0105cych cz\u0105stki \u015bcieraj\u0105ce. Silver Maintenance Solution zawiera czyste srebro, kt\u00f3rego niewielkie ilo\u015bci pozostaj\u0105 na powierzchni czyszczonego przedmiotu. Z tego powodu Silver Maintenance Solution nie \u015bciera srebra, tak jak tradycyjne \u015brodki.<br><br><strong>Regularne u\u017cywanie Holland Hallmark Silver Maintnane Solution zabezpieczy srebro na zawsze!<\/strong><br><br><strong>Ostrze\u017cenie:<\/strong><br>Silver Maintenance Solution nale\u017cy chroni\u0107 przed dzie\u0107mi. W przypadku zetkni\u0119cia produktu&nbsp;&nbsp;&nbsp;&nbsp;&nbsp; z oczami lub ran\u0105, natychmiast przemy\u0107 je obficie czyst\u0105, zimn\u0105 wod\u0105. W przypadku po\u0142kni\u0119cia, natychmiast skontaktowa\u0107 si\u0119 z lekarzem.<br><em>U\u017cywanie Silver Maintenance Solution bez zabezpieczenia r\u0105k, ubrania i miejsca pracy mo\u017ce by\u0107 przyczyn\u0105 powstawania plam. Plamy na sk\u00f3rze powinny znikn\u0105\u0107 w ci\u0105gu kilku dni. Je\u017celi nie znikn\u0105, nale\u017cy usun\u0105\u0107 je poprzez szorowanie, wybielenie lub k\u0105piele w wodnym roztworze sody.<\/em> <a><\/a><a href=\"#_msocom_1\">[1]<\/a>&nbsp;<a><\/a><a href=\"#_msocom_2\">[2]<\/a>&nbsp;<\/p>\n\n\n\n<hr class=\"wp-block-separator\"\/>\n\n\n\n<p><a><\/a><\/p>\n\n\n\n<figure class=\"wp-block-table\"><table><tbody><tr><td>&nbsp;<\/td><td>&nbsp;<\/td><td>&nbsp;<\/td><\/tr><tr><td><\/td><td><br><\/td><td>&nbsp;<\/td><\/tr><tr><td><\/td><\/tr><\/tbody><\/table><\/figure>\n","protected":false},"excerpt":{"rendered":"<p>SILVER MAINTENANCE SOLUTION \u2013 opis produktu \u015arodek do konserwacji przedmiot\u00f3w, kt\u00f3ry dodaje [&hellip;]<\/p>\n","protected":false},"author":1,"featured_media":0,"parent":0,"menu_order":0,"comment_status":"closed","ping_status":"closed","template":"","meta":{"footnotes":""},"class_list":["post-10","page","type-page","status-publish","hentry"],"_links":{"self":[{"href":"https:\/\/czystesrebro.srebrnegrono.pl\/index.php\/wp-json\/wp\/v2\/pages\/10","targetHints":{"allow":["GET"]}}],"collection":[{"href":"https:\/\/czystesrebro.srebrnegrono.pl\/index.php\/wp-json\/wp\/v2\/pages"}],"about":[{"href":"https:\/\/czystesrebro.srebrnegrono.pl\/index.php\/wp-json\/wp\/v2\/types\/page"}],"author":[{"embeddable":true,"href":"https:\/\/czystesrebro.srebrnegrono.pl\/index.php\/wp-json\/wp\/v2\/users\/1"}],"replies":[{"embeddable":true,"href":"https:\/\/czystesrebro.srebrnegrono.pl\/index.php\/wp-json\/wp\/v2\/comments?post=10"}],"version-history":[{"count":5,"href":"https:\/\/czystesrebro.srebrnegrono.pl\/index.php\/wp-json\/wp\/v2\/pages\/10\/revisions"}],"predecessor-version":[{"id":92,"href":"https:\/\/czystesrebro.srebrnegrono.pl\/index.php\/wp-json\/wp\/v2\/pages\/10\/revisions\/92"}],"wp:attachment":[{"href":"https:\/\/czystesrebro.srebrnegrono.pl\/index.php\/wp-json\/wp\/v2\/media?parent=10"}],"curies":[{"name":"wp","href":"https:\/\/api.w.org\/{rel}","templated":true}]}}